{"id":19,"date":"2023-05-16T16:18:04","date_gmt":"2023-05-16T14:18:04","guid":{"rendered":"http:\/\/www.sixtinedelaseille.com\/?page_id=19"},"modified":"2023-08-28T11:38:37","modified_gmt":"2023-08-28T09:38:37","slug":"dons","status":"publish","type":"page","link":"https:\/\/www.sixtinedelaseille.com\/index.php\/dons\/","title":{"rendered":"Dons"},"content":{"rendered":"\n<div class=\"wp-block-columns is-layout-flex wp-container-core-columns-is-layout-9d6595d7 wp-block-columns-is-layout-flex\">\n<div class=\"wp-block-column is-layout-flow wp-block-column-is-layout-flow\" style=\"flex-basis:66.66%\">\n<p>Les visites guid\u00e9es sont gratuites, cependant les dons sont les bienvenus! Ils ont servis \u00e0 payer 50% de la part communale ou 10% de la totalit\u00e9 des travaux lors de la restauration des peintures de 2002 \u00e0 2004.<\/p>\n\n\n\n<p>Ils servent actuellement \u00e0 l\u2019entretien de l\u2019\u00e9glise et seraient bien utiles pour les travaux \u00e0 venir ( \u00e9clairage, entretien courant, etc\u2026)<\/p>\n\n\n\n<p>Si vous d\u00e9sirez faire un don, envoyez le \u00e0 l&rsquo;ordre de<\/p>\n\n\n\n<p class=\"has-text-align-center\"><strong><em>Association Sixtine de la Seille<\/em><\/strong><\/p>\n\n\n\n<p class=\"has-text-align-center\"><strong><em>20 rue Bouteiller 57000 METZ Moselle France<\/em><\/strong><\/p>\n\n\n\n<p class=\"has-text-align-center\">Pour toutes explications <a rel=\"noreferrer noopener\" href=\"http:\/\/www.sixtinedelaseille.com\/index.php\/contact\/\" data-type=\"mailto\" target=\"_blank\">cliquez ici<\/a><\/p>\n<\/div>\n\n\n\n<div class=\"wp-block-column has-medium-font-size is-layout-flow wp-block-column-is-layout-flow\" style=\"flex-basis:33.33%\">\n<div class=\"wp-block-columns is-layout-flex wp-container-core-columns-is-layout-9d6595d7 wp-block-columns-is-layout-flex\">\n<div class=\"wp-block-column is-layout-flow wp-block-column-is-layout-flow\">\n<figure class=\"wp-block-image size-large is-style-default\"><img loading=\"lazy\" decoding=\"async\" width=\"671\" height=\"1024\" src=\"http:\/\/www.sixtinedelaseille.com\/wp-content\/uploads\/2023\/08\/Les-peintures-de-Sicllegny-671x1024.jpg\" alt=\"\" class=\"wp-image-261\" srcset=\"https:\/\/www.sixtinedelaseille.com\/wp-content\/uploads\/2023\/08\/Les-peintures-de-Sicllegny-671x1024.jpg 671w, https:\/\/www.sixtinedelaseille.com\/wp-content\/uploads\/2023\/08\/Les-peintures-de-Sicllegny-197x300.jpg 197w, https:\/\/www.sixtinedelaseille.com\/wp-content\/uploads\/2023\/08\/Les-peintures-de-Sicllegny-768x1172.jpg 768w, https:\/\/www.sixtinedelaseille.com\/wp-content\/uploads\/2023\/08\/Les-peintures-de-Sicllegny-1007x1536.jpg 1007w, https:\/\/www.sixtinedelaseille.com\/wp-content\/uploads\/2023\/08\/Les-peintures-de-Sicllegny-1342x2048.jpg 1342w, https:\/\/www.sixtinedelaseille.com\/wp-content\/uploads\/2023\/08\/Les-peintures-de-Sicllegny.jpg 1617w\" sizes=\"auto, (max-width: 671px) 100vw, 671px\" \/><\/figure>\n<\/div>\n\n\n\n<div class=\"wp-block-column is-layout-flow wp-block-column-is-layout-flow\">\n<figure class=\"wp-block-gallery has-nested-images columns-default is-cropped wp-block-gallery-1 is-layout-flex wp-block-gallery-is-layout-flex\">\n<figure class=\"wp-block-image size-full is-style-default\"><img loading=\"lazy\" decoding=\"async\" width=\"671\" height=\"1024\" data-id=\"286\" src=\"http:\/\/www.sixtinedelaseille.com\/wp-content\/uploads\/2023\/08\/Album-a-colorier.jpg\" alt=\"\" class=\"wp-image-286\" srcset=\"https:\/\/www.sixtinedelaseille.com\/wp-content\/uploads\/2023\/08\/Album-a-colorier.jpg 671w, https:\/\/www.sixtinedelaseille.com\/wp-content\/uploads\/2023\/08\/Album-a-colorier-197x300.jpg 197w\" sizes=\"auto, (max-width: 671px) 100vw, 671px\" \/><\/figure>\n<\/figure>\n<\/div>\n<\/div>\n\n\n\n<div class=\"wp-block-columns is-layout-flex wp-container-core-columns-is-layout-9d6595d7 wp-block-columns-is-layout-flex\">\n<div class=\"wp-block-column is-layout-flow wp-block-column-is-layout-flow\">\n<p class=\"has-text-align-center has-small-font-size\"><strong>Les peintures de Sillegny<\/strong><\/p>\n<\/div>\n\n\n\n<div class=\"wp-block-column is-layout-flow wp-block-column-is-layout-flow\">\n<p class=\"has-text-align-center has-small-font-size\"><strong>Album \u00e0 colorier des peintures de Sillegny<\/strong><\/p>\n<\/div>\n<\/div>\n\n\n\n<div class=\"wp-block-columns is-layout-flex wp-container-core-columns-is-layout-9d6595d7 wp-block-columns-is-layout-flex\">\n<div class=\"wp-block-column is-layout-flow wp-block-column-is-layout-flow\">\n<figure class=\"wp-block-image size-full\"><img loading=\"lazy\" decoding=\"async\" width=\"1024\" height=\"683\" src=\"http:\/\/www.sixtinedelaseille.com\/wp-content\/uploads\/2023\/08\/Puzzle.jpg\" alt=\"\" class=\"wp-image-287\" srcset=\"https:\/\/www.sixtinedelaseille.com\/wp-content\/uploads\/2023\/08\/Puzzle.jpg 1024w, https:\/\/www.sixtinedelaseille.com\/wp-content\/uploads\/2023\/08\/Puzzle-300x200.jpg 300w, https:\/\/www.sixtinedelaseille.com\/wp-content\/uploads\/2023\/08\/Puzzle-768x512.jpg 768w\" sizes=\"auto, (max-width: 1024px) 100vw, 1024px\" \/><\/figure>\n<\/div>\n\n\n\n<div class=\"wp-block-column is-layout-flow wp-block-column-is-layout-flow\">\n<figure class=\"wp-block-image size-full\"><img loading=\"lazy\" decoding=\"async\" width=\"1024\" height=\"683\" src=\"http:\/\/www.sixtinedelaseille.com\/wp-content\/uploads\/2023\/08\/Montage-CP.jpg\" alt=\"\" class=\"wp-image-289\" srcset=\"https:\/\/www.sixtinedelaseille.com\/wp-content\/uploads\/2023\/08\/Montage-CP.jpg 1024w, https:\/\/www.sixtinedelaseille.com\/wp-content\/uploads\/2023\/08\/Montage-CP-300x200.jpg 300w, https:\/\/www.sixtinedelaseille.com\/wp-content\/uploads\/2023\/08\/Montage-CP-768x512.jpg 768w\" sizes=\"auto, (max-width: 1024px) 100vw, 1024px\" \/><\/figure>\n<\/div>\n<\/div>\n\n\n\n<div class=\"wp-block-columns is-layout-flex wp-container-core-columns-is-layout-9d6595d7 wp-block-columns-is-layout-flex\">\n<div class=\"wp-block-column is-layout-flow wp-block-column-is-layout-flow\">\n<p class=\"has-text-align-center has-small-font-size\"><strong>Puzzle 1 000 pi\u00e8ces<\/strong><\/p>\n<\/div>\n\n\n\n<div class=\"wp-block-column is-layout-flow wp-block-column-is-layout-flow\">\n<p class=\"has-text-align-center has-small-font-size\"><strong>Lot de 5 cartes postales (photo non contractuelle)<\/strong><\/p>\n<\/div>\n<\/div>\n\n\n\n<div class=\"wp-block-columns is-layout-flex wp-container-core-columns-is-layout-9d6595d7 wp-block-columns-is-layout-flex\">\n<div class=\"wp-block-column is-layout-flow wp-block-column-is-layout-flow\"><\/div>\n\n\n\n<div class=\"wp-block-column is-layout-flow wp-block-column-is-layout-flow\"><\/div>\n<\/div>\n\n\n\n<div class=\"wp-block-columns is-layout-flex wp-container-core-columns-is-layout-9d6595d7 wp-block-columns-is-layout-flex\">\n<div class=\"wp-block-column is-layout-flow wp-block-column-is-layout-flow\"><\/div>\n\n\n\n<div class=\"wp-block-column is-layout-flow wp-block-column-is-layout-flow\"><\/div>\n<\/div>\n<\/div>\n<\/div>\n\n\n\n<p><\/p>\n","protected":false},"excerpt":{"rendered":"<p>Les visites guid\u00e9es sont gratuites, cependant les dons sont les bienvenus! Ils ont servis \u00e0 payer 50% de la part communale ou 10% de la totalit\u00e9 des travaux lors de la restauration des peintures de 2002 \u00e0 2004. Ils servent actuellement \u00e0 l\u2019entretien de l\u2019\u00e9glise et seraient bien utiles pour les travaux \u00e0 venir ( [&hellip;]<\/p>\n","protected":false},"author":1,"featured_media":0,"parent":0,"menu_order":0,"comment_status":"closed","ping_status":"closed","template":"","meta":{"_acf_changed":false,"footnotes":""},"class_list":["post-19","page","type-page","status-publish","hentry"],"acf":[],"_links":{"self":[{"href":"https:\/\/www.sixtinedelaseille.com\/index.php\/wp-json\/wp\/v2\/pages\/19","targetHints":{"allow":["GET"]}}],"collection":[{"href":"https:\/\/www.sixtinedelaseille.com\/index.php\/wp-json\/wp\/v2\/pages"}],"about":[{"href":"https:\/\/www.sixtinedelaseille.com\/index.php\/wp-json\/wp\/v2\/types\/page"}],"author":[{"embeddable":true,"href":"https:\/\/www.sixtinedelaseille.com\/index.php\/wp-json\/wp\/v2\/users\/1"}],"replies":[{"embeddable":true,"href":"https:\/\/www.sixtinedelaseille.com\/index.php\/wp-json\/wp\/v2\/comments?post=19"}],"version-history":[{"count":18,"href":"https:\/\/www.sixtinedelaseille.com\/index.php\/wp-json\/wp\/v2\/pages\/19\/revisions"}],"predecessor-version":[{"id":332,"href":"https:\/\/www.sixtinedelaseille.com\/index.php\/wp-json\/wp\/v2\/pages\/19\/revisions\/332"}],"wp:attachment":[{"href":"https:\/\/www.sixtinedelaseille.com\/index.php\/wp-json\/wp\/v2\/media?parent=19"}],"curies":[{"name":"wp","href":"https:\/\/api.w.org\/{rel}","templated":true}]}}